{"id":88,"date":"2016-02-25T16:18:22","date_gmt":"2016-02-25T16:18:22","guid":{"rendered":"http:\/\/www.bellmontdresses.com\/vestidosdegala\/?page_id=88"},"modified":"2018-01-23T19:26:18","modified_gmt":"2018-01-23T19:26:18","slug":"cursos-libres-de-diseno-de-modas-en-bogota","status":"publish","type":"page","link":"https:\/\/bellmontdresses.com\/vestidosdegala\/cursos-libres-de-diseno-de-modas-en-bogota\/","title":{"rendered":"CURSOS DE DISE\u00d1O DE MODAS, ILUSTRACI\u00d3N Y CONFECCI\u00d3N"},"content":{"rendered":"<p><span style=\"color: #000000;\"><span style=\"font-family: helvetica, arial, sans-serif;\"><span style=\"font-size: 18.6667px;\"><b><i>M\u00d3DULOS<\/i><\/b><\/span><\/span><em style=\"font-size: 14pt;\"><span style=\"font-family: helvetica, arial, sans-serif;\"><strong>\u00a0DE CORTA DURACI\u00d3N (<span style=\"color: #ff0000;\">6 horas semanales durante tres meses<\/span>) EN :<\/strong><\/span><\/em><\/span><\/p>\n<div><span style=\"font-size: 14pt; color: #000000;\"><em><span style=\"font-family: helvetica, arial, sans-serif;\">M\u00f3dulo B\u00e1sico general o Mixto(Aprendes diferentes tipos de prendas)<\/span><\/em><\/span><\/div>\n<div><span style=\"font-size: 14pt; color: #000000;\"><em><span style=\"font-family: helvetica, arial, sans-serif;\">Ilustraci\u00f3n de moda<\/span><\/em><\/span><\/div>\n<div><span style=\"font-size: 14pt; color: #000000;\"><em><span style=\"font-family: helvetica, arial, sans-serif;\">Fashionismo y Asesor\u00eda de Imagen<\/span><\/em><\/span><\/div>\n<div><span style=\"font-size: 14pt; color: #000000;\"><em><span style=\"font-family: helvetica, arial, sans-serif;\">Pantaloner\u00eda<\/span><\/em><\/span><\/div>\n<div><span style=\"font-size: 14pt; color: #000000;\"><em><span style=\"font-family: helvetica, arial, sans-serif;\">Faldas<\/span><\/em><\/span><\/div>\n<div><span style=\"font-size: 14pt; color: #000000;\"><em><span style=\"font-family: helvetica, arial, sans-serif;\">Blusas y camiser\u00eda<\/span><\/em><\/span><\/div>\n<div><span style=\"font-size: 14pt; color: #000000;\"><em><span style=\"font-family: helvetica, arial, sans-serif;\">Chaqueter\u00eda<\/span><\/em><\/span><\/div>\n<div><span style=\"font-size: 14pt; color: #000000;\"><em><span style=\"font-family: helvetica, arial, sans-serif;\">Uniformes<\/span><\/em><\/span><\/div>\n<div><span style=\"font-size: 14pt; color: #000000;\"><em><span style=\"font-family: helvetica, arial, sans-serif;\">Sudaderas y l\u00ednea deportiva<\/span><\/em><\/span><\/div>\n<div><span style=\"font-size: 14pt; color: #000000;\"><em><span style=\"font-family: helvetica, arial, sans-serif;\">Disfraces<\/span><\/em><\/span><\/div>\n<div><span style=\"font-size: 14pt; color: #000000;\"><em><span style=\"font-family: helvetica, arial, sans-serif;\">Dotaciones y uniformes<\/span><\/em><\/span><\/div>\n<div><span style=\"font-size: 14pt; color: #000000;\"><em><span style=\"font-family: helvetica, arial, sans-serif;\">Corseter\u00eda<\/span><\/em><\/span><\/div>\n<div><span style=\"font-size: 14pt; color: #000000;\"><em><span style=\"font-family: helvetica, arial, sans-serif;\"><span style=\"color: #ff0000;\"><span style=\"color: #000000;\">TENEMOS<\/span> M\u00d3DULOS DE ESPECIALIZACI\u00d3N <span style=\"color: #000000;\">PARA PROFESIONALES, DISE\u00d1ADORES Y PERSONAS EXPERIMENTADAS\u00a0<\/span><\/span>(Vestidos de ceremonia, Patronaje Industrial, Corseter\u00eda y Lencer\u00eda, Ventas y muchos m\u00e1s).<\/span><\/em><\/span><\/div>\n<div><span style=\"font-size: 14pt; color: #000000;\"><em><span style=\"font-family: helvetica, arial, sans-serif;\">\u00a0<\/span><\/em><\/span><\/div>\n<div><span style=\"font-size: 14pt; color: #000000;\"><em><span style=\"font-family: helvetica, arial, sans-serif;\"><span style=\"font-family: helvetica, arial, sans-serif;\"><span style=\"font-size: 14pt;\">-En <span style=\"color: #ff0000;\">todos los m\u00f3dulos<\/span> APRENDES A DISE\u00d1AR, CORTAR (PATRONAJE Y ESCALADO), COSER Y DAR ACABADOS A LAS PRENDAS. INCLUYE CLASES DE <\/span><span style=\"font-size: 18.6667px;\">INGL\u00c9S<\/span><span style=\"font-size: 14pt;\">\u00a0DE NEGOCIOS Y EMPRENDIMIENTO.<\/span><\/span><\/span><\/em><\/span><\/div>\n<div><span style=\"font-size: 14pt; color: #000000;\"><em><span style=\"font-family: helvetica, arial, sans-serif;\">LOS CURSOS DE DISE\u00d1O SE PUEDEN DICTAR VIA SKYPE EN CUALQUIER PARTE DEL MUNDO&#8230;<\/span><\/em><\/span><\/div>\n<div><span style=\"font-size: 14pt; color: #000000;\"><em><span style=\"font-family: helvetica, arial, sans-serif;\"><span style=\"color: #ff0000;\">TE ENTREGAMOS CERTIFICADO<\/span>.<\/span><\/em><\/span><\/div>\n","protected":false},"excerpt":{"rendered":"<p>M\u00d3DULOS\u00a0DE CORTA DURACI\u00d3N (6 horas semanales durante tres meses) EN : M\u00f3dulo B\u00e1sico general o Mixto(Aprendes diferentes tipos de prendas) Ilustraci\u00f3n de moda Fashionismo y Asesor\u00eda de Imagen Pantaloner\u00eda Faldas Blusas y camiser\u00eda Chaqueter\u00eda Uniformes Sudaderas y l\u00ednea deportiva Disfraces Dotaciones y uniformes Corseter\u00eda TENEMOS M\u00d3DULOS DE ESPECIALIZACI\u00d3N PARA PROFESIONALES, DISE\u00d1ADORES Y PERSONAS EXPERIMENTADAS\u00a0(Vestidos de [&hellip;]<\/p>\n","protected":false},"author":1,"featured_media":0,"parent":0,"menu_order":0,"comment_status":"closed","ping_status":"closed","template":"","meta":{"footnotes":""},"class_list":["post-88","page","type-page","status-publish","hentry"],"_links":{"self":[{"href":"https:\/\/bellmontdresses.com\/vestidosdegala\/wp-json\/wp\/v2\/pages\/88","targetHints":{"allow":["GET"]}}],"collection":[{"href":"https:\/\/bellmontdresses.com\/vestidosdegala\/wp-json\/wp\/v2\/pages"}],"about":[{"href":"https:\/\/bellmontdresses.com\/vestidosdegala\/wp-json\/wp\/v2\/types\/page"}],"author":[{"embeddable":true,"href":"https:\/\/bellmontdresses.com\/vestidosdegala\/wp-json\/wp\/v2\/users\/1"}],"replies":[{"embeddable":true,"href":"https:\/\/bellmontdresses.com\/vestidosdegala\/wp-json\/wp\/v2\/comments?post=88"}],"version-history":[{"count":8,"href":"https:\/\/bellmontdresses.com\/vestidosdegala\/wp-json\/wp\/v2\/pages\/88\/revisions"}],"predecessor-version":[{"id":241,"href":"https:\/\/bellmontdresses.com\/vestidosdegala\/wp-json\/wp\/v2\/pages\/88\/revisions\/241"}],"wp:attachment":[{"href":"https:\/\/bellmontdresses.com\/vestidosdegala\/wp-json\/wp\/v2\/media?parent=88"}],"curies":[{"name":"wp","href":"https:\/\/api.w.org\/{rel}","templated":true}]}}