{"id":55,"date":"2016-02-17T20:39:28","date_gmt":"2016-02-17T20:39:28","guid":{"rendered":"http:\/\/www.bellmontdresses.com\/vestidosdegala\/?page_id=55"},"modified":"2018-01-23T19:30:27","modified_gmt":"2018-01-23T19:30:27","slug":"servicios-2","status":"publish","type":"page","link":"https:\/\/bellmontdresses.com\/vestidosdegala\/servicios-2\/","title":{"rendered":"SERVICIOS"},"content":{"rendered":"<ul style=\"list-style-type: disc;\">\n<li style=\"text-align: justify;\"><span style=\"font-size: 14pt;\"><em><span style=\"font-family: helvetica, arial, sans-serif;\"><strong>1) <span style=\"color: #ff0000;\">VESTIDOS DE CEREMONIA NUEVOS A LA MEDIDA<\/span>, CON ASESOR\u00cdA DE IMAGEN- EN LAS SIGUIENTES LINEAS<\/strong>:<\/span><\/em><\/span><\/li>\n<li style=\"text-align: justify;\"><span style=\"font-size: 14pt;\"><em><span style=\"font-family: helvetica, arial, sans-serif;\">Vestidos de PRIMERA COMUNI\u00d3N<\/span><\/em><\/span><\/li>\n<li style=\"text-align: justify;\"><span style=\"font-size: 14pt;\"><em><span style=\"font-family: helvetica, arial, sans-serif;\">Vestidos de QUINCEA\u00d1ERAS-MIS 16\u00a0<\/span><\/em><\/span><\/li>\n<li style=\"text-align: justify;\"><span style=\"font-size: 14pt;\"><em><span style=\"font-family: helvetica, arial, sans-serif;\">Vestidos de NOVIA\u00a0<\/span><\/em><\/span><\/li>\n<li style=\"text-align: justify;\"><span style=\"font-size: 14pt;\"><em><span style=\"font-family: helvetica, arial, sans-serif;\">Vestidos de COCKTAIL\u00a0<\/span><\/em><\/span><\/li>\n<li style=\"text-align: justify;\"><span style=\"font-size: 14pt;\"><em><span style=\"font-family: helvetica, arial, sans-serif;\">Vestidos de GRADO\u00a0<\/span><\/em><\/span><\/li>\n<li style=\"text-align: justify;\"><span style=\"font-size: 14pt;\"><em><span style=\"font-family: helvetica, arial, sans-serif;\">ENV\u00cdOS A CUALQUIER PARTE DEL MUNDO-<span style=\"color: #ff0000;\">SOLO 8 DIAS PARA FABRICACI\u00d3N<\/span>&#8211;<\/span><\/em><\/span><\/li>\n<\/ul>\n<p>&nbsp;<\/p>\n<ul style=\"list-style-type: disc;\">\n<li style=\"text-align: justify;\"><span style=\"font-size: 14pt;\"><em><span style=\"font-family: helvetica, arial, sans-serif;\"><strong>-EN BOGOT\u00c1-COLOMBIA SERVICIO DE ALQUILER Y VENTA DE VESTIDOS NUEVOS SOBREMEDIDAS.<\/strong><\/span><\/em><\/span><\/li>\n<\/ul>\n<p>&nbsp;<\/p>\n<ul style=\"list-style-type: disc;\">\n<li style=\"text-align: justify;\"><span style=\"font-size: 14pt;\"><em><span style=\"font-family: helvetica, arial, sans-serif;\"><strong>2) CURSOS LIBRES DE <span style=\"color: #ff0000;\">DISE\u00d1O DE MODAS, ILUSTRACI\u00d3N DE MODA Y CONFECCI\u00d3N<\/span> EN BOGOT\u00c1<\/strong><\/span><\/em><\/span><\/li>\n<li style=\"text-align: justify;\"><span style=\"font-size: 14pt;\"><em><span style=\"font-family: helvetica, arial, sans-serif;\"><span style=\"font-family: helvetica, arial, sans-serif;\"><span style=\"font-size: 18.6667px;\"><b>M\u00d3DULOS<\/b><\/span><\/span><b style=\"font-family: helvetica, arial, sans-serif; font-size: 14pt;\">\u00a0DE CORTA DURACI\u00d3N (6 horas semanales) MENSUALIDAD $ 150.000 COP.<\/b><\/span><\/em><\/span><\/li>\n<\/ul>\n<ul style=\"list-style-type: disc;\">\n<li style=\"text-align: justify;\"><span style=\"font-size: 14pt;\"><em><span style=\"font-family: helvetica, arial, sans-serif;\"><strong>3) CURSOS LIBRES EN <span style=\"color: #ff0000;\">IMAGEN, MANUALIDADES, INGL\u00c9S Y YOGA\u00a0<\/span>(ASANAYOGA) EN\u00a0<\/strong><\/span><\/em><\/span><span style=\"font-size: 14pt;\"><em><span style=\"font-family: helvetica, arial, sans-serif;\"><span style=\"font-family: helvetica, arial, sans-serif;\"><span style=\"font-size: 18.6667px;\"><b>M\u00d3DULOS<\/b><\/span><\/span><b style=\"font-family: helvetica, arial, sans-serif; font-size: 14pt;\">\u00a0DE CORTA DURACI\u00d3N (4 horas semanales)MENSUALIDAD $ 150.000 COP.<\/b><\/span><\/em><\/span><\/li>\n<\/ul>\n","protected":false},"excerpt":{"rendered":"<p>1) VESTIDOS DE CEREMONIA NUEVOS A LA MEDIDA, CON ASESOR\u00cdA DE IMAGEN- EN LAS SIGUIENTES LINEAS: Vestidos de PRIMERA COMUNI\u00d3N Vestidos de QUINCEA\u00d1ERAS-MIS 16\u00a0 Vestidos de NOVIA\u00a0 Vestidos de COCKTAIL\u00a0 Vestidos de GRADO\u00a0 ENV\u00cdOS A CUALQUIER PARTE DEL MUNDO-SOLO 8 DIAS PARA FABRICACI\u00d3N&#8211; &nbsp; -EN BOGOT\u00c1-COLOMBIA SERVICIO DE ALQUILER Y VENTA DE VESTIDOS NUEVOS SOBREMEDIDAS. [&hellip;]<\/p>\n","protected":false},"author":1,"featured_media":0,"parent":0,"menu_order":3,"comment_status":"closed","ping_status":"closed","template":"page-template-full.php","meta":{"footnotes":""},"class_list":["post-55","page","type-page","status-publish","hentry"],"_links":{"self":[{"href":"https:\/\/bellmontdresses.com\/vestidosdegala\/wp-json\/wp\/v2\/pages\/55","targetHints":{"allow":["GET"]}}],"collection":[{"href":"https:\/\/bellmontdresses.com\/vestidosdegala\/wp-json\/wp\/v2\/pages"}],"about":[{"href":"https:\/\/bellmontdresses.com\/vestidosdegala\/wp-json\/wp\/v2\/types\/page"}],"author":[{"embeddable":true,"href":"https:\/\/bellmontdresses.com\/vestidosdegala\/wp-json\/wp\/v2\/users\/1"}],"replies":[{"embeddable":true,"href":"https:\/\/bellmontdresses.com\/vestidosdegala\/wp-json\/wp\/v2\/comments?post=55"}],"version-history":[{"count":5,"href":"https:\/\/bellmontdresses.com\/vestidosdegala\/wp-json\/wp\/v2\/pages\/55\/revisions"}],"predecessor-version":[{"id":245,"href":"https:\/\/bellmontdresses.com\/vestidosdegala\/wp-json\/wp\/v2\/pages\/55\/revisions\/245"}],"wp:attachment":[{"href":"https:\/\/bellmontdresses.com\/vestidosdegala\/wp-json\/wp\/v2\/media?parent=55"}],"curies":[{"name":"wp","href":"https:\/\/api.w.org\/{rel}","templated":true}]}}