{"id":34,"date":"2016-02-17T17:49:22","date_gmt":"2016-02-17T17:49:22","guid":{"rendered":"http:\/\/www.bellmontdresses.com\/vestidosdegala\/?page_id=34"},"modified":"2023-02-18T04:44:42","modified_gmt":"2023-02-18T09:44:42","slug":"quienes-somos","status":"publish","type":"page","link":"https:\/\/bellmontdresses.com\/vestidosdegala\/quienes-somos\/","title":{"rendered":"QUIENES SOMOS"},"content":{"rendered":"<p><strong><em>Somos una empresa de servicios relacionados con la imagen con m\u00e1s de 20 a\u00f1os de experiencia. <\/em><\/strong><\/p>\n<p><strong><em>En nuestra l\u00ednea de vestuario comercial, contamos con un staff de dise\u00f1adores de modas con formaci\u00f3n internacional, lo cual nos convierte en la mejor opci\u00f3n en vestidos de ceremonia y de novias en alquiler o en venta.<\/em><\/strong><\/p>\n<p><strong><em>Cont\u00e1ctanos y encontrar\u00e1s la mejor asesor\u00eda en vestuario e imagen.\u00a0<\/em><\/strong><\/p>\n<p><strong><em>Nuestros dise\u00f1adores te asesoran de acuerdo a tu tipo de cuerpo, tu color de piel, con estudio personalizado del color y de acuerdo a tu tipo de evento y a las \u00faltimas tendencias.<\/em><\/strong><\/p>\n<p><strong><em>Fabricamos el vestido de tus sue\u00f1os, con exclusividad total, a mano, con las t\u00e9cnicas m\u00e1s tradicionales de la \u201cHaute Couture\u201d y con los mejores materiales del mercado.<\/em><\/strong><\/p>\n<p><strong><em>Construimos cualquier vestido que desees con total acompa\u00f1amiento y te lo enviamos a domicilio a cualquier lugar del mundo, con soporte Post-entrega.\u00a0<\/em><\/strong><\/p>\n<p><strong><em>Env\u00edanos una foto o un borrador del vestido de tus sue\u00f1os y lo haremos realidad y aun mejor.<\/em><\/strong><\/p>\n<p><strong><em>Tambi\u00e9n contamos con una innovadora l\u00ednea de ense\u00f1anza con cursos libres compatibles con la imagen personal y comercial y con las habilidades personales, desarrollando con altos est\u00e1ndares contenidos relacionados con la moda, el fashionismo, la cultura general y los talentos manuales. Estos cursos son dictados por profesores titulados, en ambientes divertidos, creativos, art\u00edsticos y en relaci\u00f3n con la Moda y el equilibrio de la Imagen, que garantizan el aprendizaje en espacios l\u00fadicos y amenos.\u00a0<\/em><\/strong><\/p>\n<p><strong>Estamos ubicados en la carrera 78 i bis 35-23 -Kennedy Central en la ciudad de Bogot\u00e1. No tenemos\u00a0sucursales.Tel\u00e9fonos:(Whatsapp)317238487-3183553034\/ PBX-(Fax) 6752823. E-mails: disenadoresbellmont@gmail.com \/ bellmontpartydresses@ gmail.com<\/strong><\/p>\n<p>&nbsp;<\/p>\n","protected":false},"excerpt":{"rendered":"<p>Somos una empresa de servicios relacionados con la imagen con m\u00e1s de 20 a\u00f1os de experiencia. En nuestra l\u00ednea de vestuario comercial, contamos con un staff de dise\u00f1adores de modas con formaci\u00f3n internacional, lo cual nos convierte en la mejor opci\u00f3n en vestidos de ceremonia y de novias en alquiler o en venta. Cont\u00e1ctanos y [&hellip;]<\/p>\n","protected":false},"author":1,"featured_media":0,"parent":0,"menu_order":2,"comment_status":"closed","ping_status":"closed","template":"page-template-full.php","meta":{"footnotes":""},"class_list":["post-34","page","type-page","status-publish","hentry"],"_links":{"self":[{"href":"https:\/\/bellmontdresses.com\/vestidosdegala\/wp-json\/wp\/v2\/pages\/34","targetHints":{"allow":["GET"]}}],"collection":[{"href":"https:\/\/bellmontdresses.com\/vestidosdegala\/wp-json\/wp\/v2\/pages"}],"about":[{"href":"https:\/\/bellmontdresses.com\/vestidosdegala\/wp-json\/wp\/v2\/types\/page"}],"author":[{"embeddable":true,"href":"https:\/\/bellmontdresses.com\/vestidosdegala\/wp-json\/wp\/v2\/users\/1"}],"replies":[{"embeddable":true,"href":"https:\/\/bellmontdresses.com\/vestidosdegala\/wp-json\/wp\/v2\/comments?post=34"}],"version-history":[{"count":12,"href":"https:\/\/bellmontdresses.com\/vestidosdegala\/wp-json\/wp\/v2\/pages\/34\/revisions"}],"predecessor-version":[{"id":268,"href":"https:\/\/bellmontdresses.com\/vestidosdegala\/wp-json\/wp\/v2\/pages\/34\/revisions\/268"}],"wp:attachment":[{"href":"https:\/\/bellmontdresses.com\/vestidosdegala\/wp-json\/wp\/v2\/media?parent=34"}],"curies":[{"name":"wp","href":"https:\/\/api.w.org\/{rel}","templated":true}]}}