{"id":122,"date":"2016-03-03T23:58:40","date_gmt":"2016-03-03T23:58:40","guid":{"rendered":"http:\/\/www.bellmontdresses.com\/vestidosdegala\/?page_id=122"},"modified":"2018-01-24T07:19:44","modified_gmt":"2018-01-24T07:19:44","slug":"galeria","status":"publish","type":"page","link":"https:\/\/bellmontdresses.com\/vestidosdegala\/galeria\/","title":{"rendered":"Galeria"},"content":{"rendered":"<p>Selecciona alguna de\u00a0 nuestras pesta\u00f1as de servicios y encuentra hermosas fotograf\u00edas de vestuario de novias, quincea\u00f1eras, cocktail y mucho m\u00e1s&#8230;<\/p>\n<div id=\"5373\">\n\t<div id=\"gallery_bank_main_container_5373\" class=\"gallery_bank_main_container\">\n\t\t\t<style type=\"text\/css\">\n\t\t\t#gallery_bank_main_container_5373\t\t\t{\n\t\t\t\tdirection: ltr !important;\n\t\t\t}\n\t\t\t.gb-filter-holder_5373\t\t\t{\n\t\t\t\ttext-align: left;\n\t\t\t}\n\t\t@import url('https:\/\/fonts.googleapis.com\/css?family=Roboto+Slab%3A700');\r\n@import url('https:\/\/fonts.googleapis.com\/css?family=Roboto+Slab%3A300');\r\n@import url('https:\/\/fonts.googleapis.com\/css?family=Roboto+Slab%3A700');\r\n@import url('https:\/\/fonts.googleapis.com\/css?family=Roboto+Slab%3A300');\r\n\t\t\t\t\t#gallery_bank_main_container_5373\t\t\t\t\t{\n\t\t\t\t\t\twidth: 100% !important;\n\t\t\t\t\t\tmax-width: 1065px !important;\n\t\t\t\t\tfloat: left !important;\t\t\t\t\t}\n\t\t\t\t\t#gallery_title_container_5373 h2\t\t\t\t\t{\n\t\t\t\t\t\tline-height: 1.7 !important;\n\t\t\t\t\t\ttext-align: left !important;\n\t\t\t\t\t\tfont-size: 20px !important;\n\t\t\t\t\t\tcolor : #000000 !important;\n\t\t\t\t\t\tmargin: 10px 0px 10px 0px !important;\n\t\t\t\t\t\tpadding: 10px 0px 10px 0px !important;\n\t\t\t\t\t\tfont-family: 'Roboto Slab' !important;\r\n\tfont-weight: 700 !important;\t\t\t\t\t}\n\t\t\t\t\t#gallery_desc_container_5373 h3\t\t\t\t\t{\n\t\t\t\t\t\tline-height: 1.7 !important;\n\t\t\t\t\t\ttext-align: left !important;\n\t\t\t\t\t\tfont-size: 16px !important;\n\t\t\t\t\t\tcolor : #787D85 !important;\n\t\t\t\t\t\tmargin: 10px 0px 10px 0px !important;\n\t\t\t\t\t\tpadding: 0px 0px 10px 0px !important;\n\t\t\t\t\t\tfont-family: 'Roboto Slab' !important;\r\n\tfont-weight: 300 !important;\n\t\t\t\t\t}\n\t\t\t\t\t.grid_wrapper_item\n\t\t\t\t\t{\n\t\t\t\t\t\tdisplay: inline-block !important;\n\t\t\t\t\t\tvertical-align: top !important;\n\t\t\t\t\t\tmargin: 10px 10px 0px 0px !important;\n\t\t\t\t\t\tpadding: 0px 0px 0px 0px !important;\n\t\t\t\t\t\tbox-shadow: 0px 0px 0px 0px #000000 !important;\n\t\t\t\t\t\t-webkit-box-shadow: 0px 0px 0px 0px #000000 !important;\n\t\t\t\t\t\t-moz-box-shadow: 0px 0px 0px 0px #000000 !important;\n\t\t\t\t\t\toverflow: hidden !important;\n\t\t\t\t\t}\n\t\t\t\t\t#grid_layout_container_5373\t\t\t\t\t{\n\t\t\t\t\t\tclear: both !important;\n\t\t\t\t\t}\n\t\t\t\t\t.grid_item_image_5373\t\t\t\t\t{\n\t\t\t\t\t\topacity: 1 !important;\n\t\t\t\t\t\twidth: 250px !important;\n\t\t\t\t\t\theight: 200px !important;\n\t\t\t\t\t\tbackground-position: center center !important;\n\t\t\t\t\t\toverflow: hidden !important;\n\t\t\t\t\t\tborder: 0px none #000000 !important;\n\t\t\t\t\t\tborder-radius: 0px !important;\n\t\t\t\t\t\t-webkit-border-radius: 0px !important;\n\t\t\t\t\t\t-moz-border-radius: 0px !important;\n\t\t\t\t\t}\n\t\t\t\t\t.grid_item_image_5373 img\n\t\t\t\t\t{\n\t\t\t\t\t\tdisplay: none !important;\n\t\t\t\t\t}\n\t\t\t\t\t.grid_item_image_5373:hover\n\t\t\t\t\t{\n\t\t\t\t\t\ttransition: 1s !important;\n\t\t\t\t\t\ttransform : none !important;\n\t\t\t\t\t\tfilter: none;\n\t\t\t\t\t}\n\t\t\t\t\t.grid_content_item\n\t\t\t\t\t{\n\t\t\t\t\t\twidth: 250px !important;\n\t\t\t\t\t\t\t\t\t\t\t\tbackground: rgba(235,232,235,0.5) !important;\n\t\t\t\t\t\t\t\t\t\t\t}\n\t\t\t\t\t.grid_single_text_title h3\t\t\t\t\t{\n\t\t\t\t\t\tdisplay: block !important;\n\t\t\t\t\t\tline-height: 1.7 !important;\n\t\t\t\t\t\ttext-align: left !important;\n\t\t\t\t\t\tfont-size: 14px !important;\n\t\t\t\t\t\tcolor : #787D85 !important;\n\t\t\t\t\t\tmargin: 0px 5px 0px 5px !important;\n\t\t\t\t\t\tpadding: 10px 10px 10px 10px !important;\n\t\t\t\t\t\tfont-family: 'Roboto Slab' !important;\r\n\tfont-weight: 700 !important;\t\t\t\t\t}\n\t\t\t\t\t.grid_single_text_desc p\t\t\t\t\t{\n\t\t\t\t\t\tdisplay: block !important;\n\t\t\t\t\t\tline-height: 1.7 !important;\n\t\t\t\t\t\ttext-align: left !important;\n\t\t\t\t\t\tfont-size: 12px !important;\n\t\t\t\t\t\tcolor : #787D85 !important;\n\t\t\t\t\t\tmargin: 0px 5px 0px 5px !important;\n\t\t\t\t\t\tpadding: 5px 10px 10px 5px !important;\n\t\t\t\t\t\tfont-family: 'Roboto Slab' !important;\r\n\tfont-weight: 300 !important;\t\t\t\t\t}\n\t\t\t\t\t\t\t\t\t\t.fbx-caption\n\t\t\t\t\t{\n\t\t\t\t\t\ttext-align: left !important;\n\t\t\t\t\t\tborder-bottom-left-radius: 5px !important;\n\t\t\t\t\t\tborder-bottom-right-radius: 5px !important;\n\t\t\t\t\t}\n\t\t\t\t\t.fbx-caption-title h2\t\t\t\t\t{\n\t\t\t\t\t\tline-height: 1.7em !important;\n\t\t\t\t\t\tdisplay: block!important;\n\t\t\t\t\t\ttext-align: left !important;\n\t\t\t\t\t\tfont-size: 16px !important;\n\t\t\t\t\t\tcolor : #ffffff !important;\n\t\t\t\t\t\tmargin: 10px 0px 10px 0px !important;\n\t\t\t\t\t\tpadding: 10px 10px 10px 10px !important;\n\t\t\t\t\t\tfont-family: 'Roboto Slab' !important;\r\n\tfont-weight: 700 !important;\t\t\t\t\t}\n\t\t\t\t\t.fbx-caption-desc h3\t\t\t\t\t{\n\t\t\t\t\t\tline-height: 1.7em !important;\n\t\t\t\t\t\tdisplay: block!important;\n\t\t\t\t\t\ttext-align: left !important;\n\t\t\t\t\t\tfont-size: 14px !important;\n\t\t\t\t\t\tcolor : #ffffff !important;\n\t\t\t\t\t\tmargin: 5px 0px 5px 0px !important;\n\t\t\t\t\t\tpadding: 20px 10px 10px 10px !important;\n\t\t\t\t\t\tfont-family: 'Roboto Slab' !important;\r\n\tfont-weight: 300 !important;\t\t\t\t\t}\n\t\t\t\t\t.fbx-modal\n\t\t\t\t\t{\n\t\t\t\t\t\t\t\t\t\t\tbackground-color: rgba(0,0,0,0.75) !important;\n\t\t\t\t\t\t\t\t\t\t\t}\n\t\t\t\t\t.fbx-inner\n\t\t\t\t\t{\n\t\t\t\t\t\tborder: 5px solid #ffffff !important;\n\t\t\t\t\t\t-webkit-border-radius: 5px !important;\n\t\t\t\t\t\t-moz-border-radius: 5px !important;\n\t\t\t\t\t\tborder-radius: 5px !important;\n\t\t\t\t\t}\n\t\t\t\t\t.fbx-item-image\n\t\t\t\t\t{\n\t\t\t\t\t\t-webkit-border-radius: 5px !important;\n\t\t\t\t\t\t-moz-border-radius: 5px !important;\n\t\t\t\t\t\tborder-radius: 5px !important;\n\t\t\t\t\t}\n\t\t\t\t\t\t<\/style>\n\t\t\t\t\t\t<div id=\"gallery_title_container_5373\" class=\"gallery_title_container\">\n\t\t\t\t\t\t<h2>\n\t\t\t\t\t\tVESTIDOS DE 15 A\u00d1OS Y COCKTAIL SOBREMEDIDAS CON ASESOR\u00cdA DE IMAGEN\u00a1\u00a1\u00a1\t\t\t\t\t\t<\/h2>\n\t\t\t\t\t<\/div>\n\t\t\t\t\t<script type=\"text\/javascript\">\n\tvar ajaxurl = \"https:\/\/bellmontdresses.com\/vestidosdegala\/wp-admin\/admin-ajax.php\";\n\tvar global_options_right_click_protection = \"disable\";\n\tvar animation_effect = \"fadeIn\";\n\tif (typeof (call_gallery_bank_layout_type_5373) !== \"function\")\n\t{\n\t\t\/**\n\t\t* This function is used for Layouts.\n\t\t*\n\t\t*@param string layout_type .\n\t\t*\/\n\t\tfunction call_gallery_bank_layout_type_5373()\n\t\t{\n\t\t\t\t\t}\n\t}\n\tif (typeof (call_gallery_bank_lightbox_5373) !== \"function\")\n\t{\n\t\t\/**\n\t\t* This function is used for Lightboxes.\n\t\t*\n\t\t* @param string lightbox_type .\n\t\t*\n\t\t*\/\n\t\tfunction call_gallery_bank_lightbox_5373(lightbox_type)\n\t\t{\n\t\t\tswitch (lightbox_type)\n\t\t\t{\n\t\t\t\tcase \"foo_box_free_edition\":\n\t\t\t\t\t\t\t\t\t\t\tvar showCount_settings = true;\n\t\t\t\t\t\tvar closeOnOverlayClick = false;\n\t\t\t\t\t\tvar hideScrollbars = false;\n\t\t\t\t\t\tvar onlyShowOnHover = false;\n\t\t\t\t\t\t(function (FOOBOX, $)\n\t\t\t\t\t\t{\n\t\t\t\t\t\t\tFOOBOX.init = function () {\n\t\t\t\t\t\t\t\tFOOBOX.o = {\n\t\t\t\t\t\t\t\t\tshowCount: showCount_settings,\n\t\t\t\t\t\t\t\t\tcloseOnOverlayClick: closeOnOverlayClick,\n\t\t\t\t\t\t\t\t\thideScrollbars: hideScrollbars,\n\t\t\t\t\t\t\t\t\tcaptions:\n\t\t\t\t\t\t\t\t\t{\n\t\t\t\t\t\t\t\t\t\tonlyShowOnHover: onlyShowOnHover,\n\t\t\t\t\t\t\t\t\t\toverrideTitle: true,\n\t\t\t\t\t\t\t\t\t\ttitleSource: 'anchor',\n\t\t\t\t\t\t\t\t\t\toverrideDesc: true,\n\t\t\t\t\t\t\t\t\t\tdescSource: 'anchor'\n\t\t\t\t\t\t\t\t\t}\n\t\t\t\t\t\t\t\t};\n\t\t\t\t\t\t\t\tjQuery(\".foobox\").foobox(FOOBOX.o);\n\t\t\t\t\t\t\t};\n\t\t\t\t\t\t}(window.FOOBOX = window.FOOBOX || {}, jQuery));\n\t\t\t\t\t\tjQuery(function ($)\n\t\t\t\t\t\t{\n\t\t\t\t\t\t\tFOOBOX.init();\n\t\t\t\t\t\t\tjQuery(\".fbx-instance\").on(\"foobox.afterLoad\", function (e)\n\t\t\t\t\t\t\t{\n\t\t\t\t\t\t\t});\n\t\t\t\t\t\t});\n\t\t\t\t\t\t\t\t\tbreak;\n\t\t\t\t}\n\t\t\t}\n\t\t}\n\t\tjQuery(document).ready(function ()\n\t\t{\n\t\t\tif (animation_effect !== \"none\")\n\t\t\t{\n\t\t\t\tjQuery(\".gb_animate\").scrolla_gb();\n\t\t\t}\n\t\t\t\tif (global_options_right_click_protection === \"enable\") {\n\t\t\t\t\tjQuery(\"#gallery_bank_main_container_5373\").on(\"contextmenu\", function (e)\n\t\t\t\t\t{\n\t\t\t\t\t\treturn false;\n\t\t\t\t\t});\n\t\t\t\t}\n\t\t\t\tcall_gallery_bank_layout_type_5373();\n\t\t\t\tcall_gallery_bank_lightbox_5373(\"foo_box_free_edition\");\n});\n<\/script>\n\t\t\t\t<div id=\"grid_layout_container_5373\">\n\t\t\t\t\t<div id=\"control_container_5373\" class=\"grid_layout_container\">\n\t\t\t\t\t<div id=\"grid_wrapper_item_5373_20060\" class=\"grid_wrapper_item gb_animate\"  data-animate=\"fadeIn\" data-duration=\"1.0s\" data-delay=\"0.1s\" data-offset=\"100\">\n\t\t\t\t\t\t\t\t\t\t\t\t<a href=\"https:\/\/bellmontdresses.com\/vestidosdegala\/wp-content\/gallery-bank\/original-images\/21-febrero-2014-016.jpg\" class=\"foobox\" target=\"\" rel=\"foobox_gallery_5373\"  data-caption-title=\"&lt;h2&gt;Dise\u00f1o de modas e Ilustraci\u00f3n.&lt;\/h2&gt;\">\n\t\t\t\t\t\t\t\t\t\t\t\t\t<div id=\"grid_item_image_5373_20060\" class=\"grid_item_image_5373 \" style=\"background:url('https:\/\/bellmontdresses.com\/vestidosdegala\/wp-content\/gallery-bank\/thumbs-non-cropped\/21-febrero-2014-016.jpg');background-size:100% 100% !important;\">\n\t\t\t\t\t<img decoding=\"async\" src=\"https:\/\/bellmontdresses.com\/vestidosdegala\/wp-content\/gallery-bank\/thumbs-non-cropped\/21-febrero-2014-016.jpg\" image_full_path=\"image\" alt=\"\" id=\"ux_gb_file\" name= \"ux_gb_file_5373_20060\"\/>\n\t\t\t\t<\/div>\n\t\t\t<\/a>\n\t\t\t\t\t\t\t<div id=\"grid_content_item\" class=\"grid_content_item\">\n\t\t\t\t\t\t\t\t\t\t\t<div id=\"grid_single_text_title_5373_20060\" class=\"grid_single_text_title\">\n\t\t\t\t\t\t\t<h3>\n\t\t\t\t\t\t\tDise\u00f1o de modas e Ilustraci\u00f3n.\t\t\t\t\t\t\t<\/h3>\n\t\t\t\t\t\t<\/div>\n\t\t\t\t\t\t\t\t\t\t<\/div>\n\t\t\t\t\t\t<\/div>\n\t\t\t\t\t\t<div id=\"grid_wrapper_item_5373_20071\" class=\"grid_wrapper_item gb_animate\"  data-animate=\"fadeIn\" data-duration=\"1.0s\" data-delay=\"0.1s\" data-offset=\"100\">\n\t\t\t\t\t\t\t\t\t\t\t\t<a href=\"https:\/\/bellmontdresses.com\/vestidosdegala\/wp-content\/gallery-bank\/original-images\/Estudiantes-ADFB-abril-trabajos-002.jpg\" class=\"foobox\" target=\"\" rel=\"foobox_gallery_5373\"  data-caption-title=\"&lt;h2&gt;Dibujo art\u00edstico e ilustraci\u00f3n de moda.&lt;\/h2&gt;\">\n\t\t\t\t\t\t\t\t\t\t\t\t\t<div id=\"grid_item_image_5373_20071\" class=\"grid_item_image_5373 \" style=\"background:url('https:\/\/bellmontdresses.com\/vestidosdegala\/wp-content\/gallery-bank\/thumbs-non-cropped\/Estudiantes-ADFB-abril-trabajos-002.jpg');background-size:100% 100% !important;\">\n\t\t\t\t\t<img decoding=\"async\" src=\"https:\/\/bellmontdresses.com\/vestidosdegala\/wp-content\/gallery-bank\/thumbs-non-cropped\/Estudiantes-ADFB-abril-trabajos-002.jpg\" image_full_path=\"image\" alt=\"\" id=\"ux_gb_file\" name= \"ux_gb_file_5373_20071\"\/>\n\t\t\t\t<\/div>\n\t\t\t<\/a>\n\t\t\t\t\t\t\t<div id=\"grid_content_item\" class=\"grid_content_item\">\n\t\t\t\t\t\t\t\t\t\t\t<div id=\"grid_single_text_title_5373_20071\" class=\"grid_single_text_title\">\n\t\t\t\t\t\t\t<h3>\n\t\t\t\t\t\t\tDibujo art\u00edstico e ilustraci\u00f3n de moda.\t\t\t\t\t\t\t<\/h3>\n\t\t\t\t\t\t<\/div>\n\t\t\t\t\t\t\t\t\t\t<\/div>\n\t\t\t\t\t\t<\/div>\n\t\t\t\t\t\t<div id=\"grid_wrapper_item_5373_20072\" class=\"grid_wrapper_item gb_animate\"  data-animate=\"fadeIn\" data-duration=\"1.0s\" data-delay=\"0.1s\" data-offset=\"100\">\n\t\t\t\t\t\t\t\t\t\t\t\t<a href=\"https:\/\/bellmontdresses.com\/vestidosdegala\/wp-content\/gallery-bank\/original-images\/ACADEMIA-11.jpg\" class=\"foobox\" target=\"\" rel=\"foobox_gallery_5373\"  data-caption-title=\"&lt;h2&gt;Ilustraci\u00f3n de moda&lt;\/h2&gt;\">\n\t\t\t\t\t\t\t\t\t\t\t\t\t<div id=\"grid_item_image_5373_20072\" class=\"grid_item_image_5373 \" style=\"background:url('https:\/\/bellmontdresses.com\/vestidosdegala\/wp-content\/gallery-bank\/thumbs-non-cropped\/ACADEMIA-11.jpg');background-size:100% 100% !important;\">\n\t\t\t\t\t<img decoding=\"async\" src=\"https:\/\/bellmontdresses.com\/vestidosdegala\/wp-content\/gallery-bank\/thumbs-non-cropped\/ACADEMIA-11.jpg\" image_full_path=\"image\" alt=\"\" id=\"ux_gb_file\" name= \"ux_gb_file_5373_20072\"\/>\n\t\t\t\t<\/div>\n\t\t\t<\/a>\n\t\t\t\t\t\t\t<div id=\"grid_content_item\" class=\"grid_content_item\">\n\t\t\t\t\t\t\t\t\t\t\t<div id=\"grid_single_text_title_5373_20072\" class=\"grid_single_text_title\">\n\t\t\t\t\t\t\t<h3>\n\t\t\t\t\t\t\tIlustraci\u00f3n de moda\t\t\t\t\t\t\t<\/h3>\n\t\t\t\t\t\t<\/div>\n\t\t\t\t\t\t\t\t\t\t<\/div>\n\t\t\t\t\t\t<\/div>\n\t\t\t\t\t\t<div id=\"grid_wrapper_item_5373_20073\" class=\"grid_wrapper_item gb_animate\"  data-animate=\"fadeIn\" data-duration=\"1.0s\" data-delay=\"0.1s\" data-offset=\"100\">\n\t\t\t\t\t\t\t\t\t\t\t\t<a href=\"https:\/\/bellmontdresses.com\/vestidosdegala\/wp-content\/gallery-bank\/original-images\/jbotanicacademia-264.jpg\" class=\"foobox\" target=\"\" rel=\"foobox_gallery_5373\"  data-caption-title=\"&lt;h2&gt;Elaboraci\u00f3n de prendas desde el Dise\u00f1o de modas&lt;\/h2&gt;\">\n\t\t\t\t\t\t\t\t\t\t\t\t\t<div id=\"grid_item_image_5373_20073\" class=\"grid_item_image_5373 \" style=\"background:url('https:\/\/bellmontdresses.com\/vestidosdegala\/wp-content\/gallery-bank\/thumbs-non-cropped\/jbotanicacademia-264.jpg');background-size:100% 100% !important;\">\n\t\t\t\t\t<img decoding=\"async\" src=\"https:\/\/bellmontdresses.com\/vestidosdegala\/wp-content\/gallery-bank\/thumbs-non-cropped\/jbotanicacademia-264.jpg\" image_full_path=\"image\" alt=\"\" id=\"ux_gb_file\" name= \"ux_gb_file_5373_20073\"\/>\n\t\t\t\t<\/div>\n\t\t\t<\/a>\n\t\t\t\t\t\t\t<div id=\"grid_content_item\" class=\"grid_content_item\">\n\t\t\t\t\t\t\t\t\t\t\t<div id=\"grid_single_text_title_5373_20073\" class=\"grid_single_text_title\">\n\t\t\t\t\t\t\t<h3>\n\t\t\t\t\t\t\tElaboraci\u00f3n de prendas desde el Dise\u00f1o de modas\t\t\t\t\t\t\t<\/h3>\n\t\t\t\t\t\t<\/div>\n\t\t\t\t\t\t\t\t\t\t<\/div>\n\t\t\t\t\t\t<\/div>\n\t\t\t\t\t\t<div id=\"grid_wrapper_item_5373_20074\" class=\"grid_wrapper_item gb_animate\"  data-animate=\"fadeIn\" data-duration=\"1.0s\" data-delay=\"0.1s\" data-offset=\"100\">\n\t\t\t\t\t\t\t\t\t\t\t\t<a href=\"https:\/\/bellmontdresses.com\/vestidosdegala\/wp-content\/gallery-bank\/original-images\/ultimas-Academia-derecho-Hallowen-y-we-217.jpg\" class=\"foobox\" target=\"\" rel=\"foobox_gallery_5373\"  data-caption-title=\"&lt;h2&gt;Dise\u00f1o de modas y confecci\u00f3n.&lt;\/h2&gt;\">\n\t\t\t\t\t\t\t\t\t\t\t\t\t<div id=\"grid_item_image_5373_20074\" class=\"grid_item_image_5373 \" style=\"background:url('https:\/\/bellmontdresses.com\/vestidosdegala\/wp-content\/gallery-bank\/thumbs-non-cropped\/ultimas-Academia-derecho-Hallowen-y-we-217.jpg');background-size:100% 100% !important;\">\n\t\t\t\t\t<img decoding=\"async\" src=\"https:\/\/bellmontdresses.com\/vestidosdegala\/wp-content\/gallery-bank\/thumbs-non-cropped\/ultimas-Academia-derecho-Hallowen-y-we-217.jpg\" image_full_path=\"image\" alt=\"\" id=\"ux_gb_file\" name= \"ux_gb_file_5373_20074\"\/>\n\t\t\t\t<\/div>\n\t\t\t<\/a>\n\t\t\t\t\t\t\t<div id=\"grid_content_item\" class=\"grid_content_item\">\n\t\t\t\t\t\t\t\t\t\t\t<div id=\"grid_single_text_title_5373_20074\" class=\"grid_single_text_title\">\n\t\t\t\t\t\t\t<h3>\n\t\t\t\t\t\t\tDise\u00f1o de modas y confecci\u00f3n.\t\t\t\t\t\t\t<\/h3>\n\t\t\t\t\t\t<\/div>\n\t\t\t\t\t\t\t\t\t\t<\/div>\n\t\t\t\t\t\t<\/div>\n\t\t\t<\/div>\n\t\t<\/div>\n\t<\/div>\n<\/div>\n\n","protected":false},"excerpt":{"rendered":"<p>Selecciona alguna de\u00a0 nuestras pesta\u00f1as de servicios y encuentra hermosas fotograf\u00edas de vestuario de novias, quincea\u00f1eras, cocktail y mucho m\u00e1s&#8230;<\/p>\n","protected":false},"author":1,"featured_media":0,"parent":0,"menu_order":0,"comment_status":"closed","ping_status":"closed","template":"","meta":{"footnotes":""},"class_list":["post-122","page","type-page","status-publish","hentry"],"_links":{"self":[{"href":"https:\/\/bellmontdresses.com\/vestidosdegala\/wp-json\/wp\/v2\/pages\/122","targetHints":{"allow":["GET"]}}],"collection":[{"href":"https:\/\/bellmontdresses.com\/vestidosdegala\/wp-json\/wp\/v2\/pages"}],"about":[{"href":"https:\/\/bellmontdresses.com\/vestidosdegala\/wp-json\/wp\/v2\/types\/page"}],"author":[{"embeddable":true,"href":"https:\/\/bellmontdresses.com\/vestidosdegala\/wp-json\/wp\/v2\/users\/1"}],"replies":[{"embeddable":true,"href":"https:\/\/bellmontdresses.com\/vestidosdegala\/wp-json\/wp\/v2\/comments?post=122"}],"version-history":[{"count":7,"href":"https:\/\/bellmontdresses.com\/vestidosdegala\/wp-json\/wp\/v2\/pages\/122\/revisions"}],"predecessor-version":[{"id":252,"href":"https:\/\/bellmontdresses.com\/vestidosdegala\/wp-json\/wp\/v2\/pages\/122\/revisions\/252"}],"wp:attachment":[{"href":"https:\/\/bellmontdresses.com\/vestidosdegala\/wp-json\/wp\/v2\/media?parent=122"}],"curies":[{"name":"wp","href":"https:\/\/api.w.org\/{rel}","templated":true}]}}