{"id":106,"date":"2016-02-29T22:39:18","date_gmt":"2016-02-29T22:39:18","guid":{"rendered":"http:\/\/www.bellmontdresses.com\/vestidosdegala\/?page_id=106"},"modified":"2018-01-23T19:25:55","modified_gmt":"2018-01-23T19:25:55","slug":"cursos-libres-de-modelajeetiqueta-y-protocolo-en-bogota","status":"publish","type":"page","link":"https:\/\/bellmontdresses.com\/vestidosdegala\/cursos-libres-de-modelajeetiqueta-y-protocolo-en-bogota\/","title":{"rendered":"CURSOS LIBRES DE INGL\u00c9S Y OTROS, EN BOGOT\u00c1"},"content":{"rendered":"<div><span style=\"color: #000000; font-size: 14pt; font-family: helvetica, arial, sans-serif;\"><span style=\"font-family: helvetica, arial, sans-serif;\"><span style=\"font-size: 18.6667px;\"><b><i>CURSO DE MODELAJE <\/i><\/b><\/span><\/span><em style=\"font-family: helvetica, arial, sans-serif; font-size: 14pt;\"><strong>\u00a0(<span style=\"color: #ff0000;\">4 horas semanales<\/span>) : Aprende:<\/strong><\/em><\/span><\/div>\n<div><span style=\"color: #000000;\">\u00a0<\/span><\/div>\n<div><span style=\"color: #000000; font-size: 14pt; font-family: helvetica, arial, sans-serif;\"><span style=\"font-family: helvetica, arial, sans-serif;\"><span style=\"font-size: 18.6667px;\"><i>DICCI\u00d3N<\/i><\/span><\/span><em style=\"font-family: helvetica, arial, sans-serif; font-size: 14pt;\">, FON\u00c9TICA Y CULTURA GENERAL.<\/em><\/span><\/div>\n<div><span style=\"color: #000000; font-size: 14pt; font-family: helvetica, arial, sans-serif;\"><em>INTERPRETACI\u00d3N DE TEXTOS.<\/em><\/span><\/div>\n<div><span style=\"color: #000000; font-size: 14pt; font-family: helvetica, arial, sans-serif;\"><em>PASARELA Y ETIQUETA.<\/em><\/span><\/div>\n<div><span style=\"color: #000000; font-size: 14pt; font-family: helvetica, arial, sans-serif;\"><em style=\"font-size: 18.6667px;\">EL CURSO DE MODELAJE SOLO SE DICTA EN FORMA PERSONALIZADA EN LA CIUDAD DE BOGOT\u00c1- COLOMBIA.<\/em><\/span><\/div>\n<div><span style=\"color: #000000; font-size: 14pt; font-family: helvetica, arial, sans-serif;\"><em><span style=\"color: #ff0000;\">Aprende tambi\u00e9n como curso libre<\/span>:<\/em><\/span><span style=\"font-family: helvetica, arial, sans-serif;\"><span style=\"font-size: 18.6667px;\"><b><i>M\u00d3DULOS<\/i><\/b><\/span><\/span><em style=\"font-family: helvetica, arial, sans-serif; font-size: 14pt;\"><strong>\u00a0PERMANENTES<\/strong><\/em><\/div>\n<div><span style=\"color: #000000; font-size: 14pt; font-family: helvetica, arial, sans-serif;\"><em>FOTOGRAF\u00cdA,<\/em><\/span><\/div>\n<div><span style=\"color: #000000; font-size: 14pt; font-family: helvetica, arial, sans-serif;\"><em>INGL\u00c9S DE NEGOCIOS, <\/em><\/span><\/div>\n<div><span style=\"color: #000000; font-size: 14pt; font-family: helvetica, arial, sans-serif;\"><em>MANUALIDADES, <\/em><\/span><\/div>\n<div><span style=\"color: #000000; font-size: 14pt; font-family: helvetica, arial, sans-serif;\"><em>DIBUJO ART\u00cdSTICO, <\/em><\/span><\/div>\n<div><span style=\"color: #000000; font-size: 14pt; font-family: helvetica, arial, sans-serif;\"><em>YOGA(SOLO LOS DOMINGOS EN LA MA\u00d1ANA),<\/em><\/span><\/div>\n<div><span style=\"color: #000000; font-size: 14pt; font-family: helvetica, arial, sans-serif;\"><em>FASHIONISMO E IMAGEN PERSONAL.<\/em><\/span><\/div>\n<div><span style=\"color: #000000;\">\u00a0<\/span><\/div>\n<div><span style=\"font-size: 14pt;\"><em><strong>\u00a0<span style=\"color: #ff0000;\">Te entregamos certificado.<\/span><\/strong><\/em><\/span><\/div>\n<div><span style=\"color: #0000ff; font-size: 14pt; font-family: helvetica, arial, sans-serif;\"><em>\u00a0<\/em><\/span><\/div>\n","protected":false},"excerpt":{"rendered":"<p>CURSO DE MODELAJE \u00a0(4 horas semanales) : Aprende: \u00a0 DICCI\u00d3N, FON\u00c9TICA Y CULTURA GENERAL. INTERPRETACI\u00d3N DE TEXTOS. PASARELA Y ETIQUETA. EL CURSO DE MODELAJE SOLO SE DICTA EN FORMA PERSONALIZADA EN LA CIUDAD DE BOGOT\u00c1- COLOMBIA. Aprende tambi\u00e9n como curso libre:M\u00d3DULOS\u00a0PERMANENTES FOTOGRAF\u00cdA, INGL\u00c9S DE NEGOCIOS, MANUALIDADES, DIBUJO ART\u00cdSTICO, YOGA(SOLO LOS DOMINGOS EN LA MA\u00d1ANA), FASHIONISMO [&hellip;]<\/p>\n","protected":false},"author":1,"featured_media":0,"parent":0,"menu_order":0,"comment_status":"closed","ping_status":"closed","template":"","meta":{"footnotes":""},"class_list":["post-106","page","type-page","status-publish","hentry"],"_links":{"self":[{"href":"https:\/\/bellmontdresses.com\/vestidosdegala\/wp-json\/wp\/v2\/pages\/106","targetHints":{"allow":["GET"]}}],"collection":[{"href":"https:\/\/bellmontdresses.com\/vestidosdegala\/wp-json\/wp\/v2\/pages"}],"about":[{"href":"https:\/\/bellmontdresses.com\/vestidosdegala\/wp-json\/wp\/v2\/types\/page"}],"author":[{"embeddable":true,"href":"https:\/\/bellmontdresses.com\/vestidosdegala\/wp-json\/wp\/v2\/users\/1"}],"replies":[{"embeddable":true,"href":"https:\/\/bellmontdresses.com\/vestidosdegala\/wp-json\/wp\/v2\/comments?post=106"}],"version-history":[{"count":6,"href":"https:\/\/bellmontdresses.com\/vestidosdegala\/wp-json\/wp\/v2\/pages\/106\/revisions"}],"predecessor-version":[{"id":240,"href":"https:\/\/bellmontdresses.com\/vestidosdegala\/wp-json\/wp\/v2\/pages\/106\/revisions\/240"}],"wp:attachment":[{"href":"https:\/\/bellmontdresses.com\/vestidosdegala\/wp-json\/wp\/v2\/media?parent=106"}],"curies":[{"name":"wp","href":"https:\/\/api.w.org\/{rel}","templated":true}]}}